{"id":149,"date":"2021-09-23T14:55:01","date_gmt":"2021-09-23T13:55:01","guid":{"rendered":"https:\/\/frederiquelebrun.com\/?page_id=149"},"modified":"2024-11-06T12:28:35","modified_gmt":"2024-11-06T11:28:35","slug":"mentions-legales","status":"publish","type":"page","link":"https:\/\/frederiquelebrun.com\/en\/mentions-legales\/","title":{"rendered":"Legal notice"},"content":{"rendered":"<div style=\"height:30px\" aria-hidden=\"true\" class=\"wp-block-spacer\"><\/div>\n\n\n\n<h2 class=\"wp-block-heading\">Article 1 &#8211; \u00c9dition du site<\/h2>\n\n\n\n<p>En vertu de&nbsp;<a href=\"https:\/\/www.legifrance.gouv.fr\/affichTexte.do?cidTexte=JORFTEXT000000801164#LEGIARTI000042038977\" target=\"_blank\" rel=\"noreferrer noopener\">l&#8217;article 6 de la loi n\u00b0 2004-575 du 21 juin 2004<\/a>&nbsp;pour la confiance dans l&#8217;\u00e9conomie num\u00e9rique, il est pr\u00e9cis\u00e9 aux utilisateurs du site internet&nbsp;<strong><a href=\"https:\/\/frederiquelebrun.com\/en\/\">https:\/\/frederiquelebrun.com<\/a><\/strong>&nbsp;l&#8217;identit\u00e9 des diff\u00e9rents intervenants dans le cadre de sa r\u00e9alisation et de son suivi:<\/p>\n\n\n\n<p><strong>Propri\u00e9taire du site :&nbsp;<\/strong>Fr\u00e9d\u00e9rique Le Brun&nbsp;&#8211; Contact :&nbsp;fredlebrunphoto@gmail.com<\/p>\n\n\n\n<p><strong>Identification de l&#8217;entreprise :<\/strong>&nbsp;Entrepreneuse individuelle &#8211;&nbsp;Madame Fr\u00e9d\u00e9rique Le Brun&nbsp;&#8211;&nbsp;<a href=\"https:\/\/frederiquelebrun.com\/en\/conditions-generales-de-vente\/\" target=\"_blank\" rel=\"noreferrer noopener\">https:\/\/frederiquelebrun.com\/conditions-generales-de-vente<\/a><\/p>\n\n\n\n<p><strong>Directeur de la publication :&nbsp;<\/strong>Fr\u00e9d\u00e9rique Le Brun&nbsp;&#8211; Contact :&nbsp;fredlebrunphoto@gmail.com<\/p>\n\n\n\n<p><strong>H\u00e9bergeur :<\/strong>&nbsp;LWS (www.lws.fr &#8211; Ligne Web Services) S.A.R.L au capital de 500 000 Euros 10, RUE PENTHIEVRE 75008 PARIS &#8211; T\u00e9l\u00e9phone : 01 77 62 30 03<\/p>\n\n\n\n<p><strong>D\u00e9l\u00e9gu\u00e9 \u00e0 la protection des donn\u00e9es :&nbsp;<\/strong>Fr\u00e9d\u00e9rique Le Brun&nbsp;&#8211;&nbsp;fredlebrunphoto@gmail.com<\/p>\n\n\n\n<p><strong>Autres contributeurs :<\/strong>&nbsp;Emmanuel Schmitt (R\u00e9alisation)<\/p>\n\n\n\n<hr class=\"wp-block-separator has-css-opacity\"\/>\n\n\n\n<h2 class=\"wp-block-heading\">Article 2 &#8211; Propri\u00e9t\u00e9 intellectuelle et contrefa\u00e7ons.<\/h2>\n\n\n\n<p><strong>Fr\u00e9d\u00e9rique Le Brun<\/strong>&nbsp;est propri\u00e9taire des droits de propri\u00e9t\u00e9 intellectuelle et d\u00e9tient les droits d\u2019usage sur tous les \u00e9l\u00e9ments accessibles sur le site internet, notamment les textes, images, graphismes, logos, vid\u00e9os, architecture, ic\u00f4nes et sons.<\/p>\n\n\n\n<p>Toute reproduction, repr\u00e9sentation, modification, publication, adaptation de tout ou partie des \u00e9l\u00e9ments du site, quel que soit le moyen ou le proc\u00e9d\u00e9 utilis\u00e9, est interdite, sauf autorisation \u00e9crite pr\u00e9alable de&nbsp;<strong>Fr\u00e9d\u00e9rique Le Brun<\/strong>.<\/p>\n\n\n\n<p>Toute exploitation non autoris\u00e9e du site ou de l\u2019un quelconque des \u00e9l\u00e9ments qu\u2019il contient sera consid\u00e9r\u00e9e comme constitutive d\u2019une contrefa\u00e7on et poursuivie conform\u00e9ment aux dispositions des articles&nbsp;<a href=\"https:\/\/www.legifrance.gouv.fr\/affichCodeArticle.do?idArticle=LEGIARTI000032655082&amp;cidTexte=LEGITEXT000006069414&amp;dateTexte=20160605\" target=\"_blank\" rel=\"noreferrer noopener\">L.335-2 et suivants du Code de Propri\u00e9t\u00e9 Intellectuelle<\/a>.<\/p>\n\n\n\n<hr class=\"wp-block-separator has-css-opacity\"\/>\n\n\n\n<h2 class=\"wp-block-heading\">Article 3 &#8211; Limitations de responsabilit\u00e9.<\/h2>\n\n\n\n<p><strong>Fr\u00e9d\u00e9rique Le Brun<\/strong>&nbsp;ne pourra \u00eatre tenu pour responsable des dommages directs et indirects caus\u00e9s au mat\u00e9riel de l\u2019utilisateur, lors de l\u2019acc\u00e8s au site&nbsp;<strong>https:\/\/frederiquelebrun.com<\/strong><\/p>\n\n\n\n<p><strong>Fr\u00e9d\u00e9rique Le Brun<\/strong>&nbsp;d\u00e9cline toute responsabilit\u00e9 quant \u00e0 l\u2019utilisation qui pourrait \u00eatre faite des informations et contenus pr\u00e9sents sur&nbsp;<strong>https:\/\/frederiquelebrun.com<\/strong><\/p>\n\n\n\n<p><strong>Fr\u00e9d\u00e9rique Le Brun<\/strong>&nbsp;s\u2019engage \u00e0 s\u00e9curiser au mieux le site&nbsp;<strong>https:\/\/frederiquelebrun.com<\/strong>, cependant sa responsabilit\u00e9 ne pourra \u00eatre mise en cause si des donn\u00e9es ind\u00e9sirables sont import\u00e9es et install\u00e9es sur son site \u00e0 son insu.<\/p>\n\n\n\n<p>Des espaces interactifs (espace contact ou commentaires) sont \u00e0 la disposition des utilisateurs.&nbsp;<strong>Fr\u00e9d\u00e9rique Le Brun<\/strong>&nbsp;se r\u00e9serve le droit de supprimer, sans mise en demeure pr\u00e9alable, tout contenu d\u00e9pos\u00e9 dans cet espace qui contreviendrait \u00e0 la l\u00e9gislation applicable en France, en particulier aux dispositions relatives \u00e0 la protection des donn\u00e9es.<\/p>\n\n\n\n<p>Le cas \u00e9ch\u00e9ant,&nbsp;<strong>Fr\u00e9d\u00e9rique Le Brun<\/strong>&nbsp;se r\u00e9serve \u00e9galement la possibilit\u00e9 de mettre en cause la responsabilit\u00e9 civile et\/ou p\u00e9nale de l\u2019utilisateur, notamment en cas de message \u00e0 caract\u00e8re raciste, injurieux, diffamant, ou pornographique, quel que soit le support utilis\u00e9 (texte, photographie \u2026).<\/p>\n\n\n\n<hr class=\"wp-block-separator has-css-opacity\"\/>\n\n\n\n<h2 class=\"wp-block-heading\">Article 4 &#8211; CNIL et gestion des donn\u00e9es personnelles.<\/h2>\n\n\n\n<p>Conform\u00e9ment aux dispositions de\u00a0<a href=\"https:\/\/www.legifrance.gouv.fr\/affichTexte.do?cidTexte=JORFTEXT000000886460\" target=\"_blank\" rel=\"noreferrer noopener\">la loi 78-17 du 6 janvier 1978 modifi\u00e9e<\/a>, l\u2019utilisateur du site\u00a0<strong>https:\/\/frederiquelebrun.com<\/strong>\u00a0dispose d\u2019un droit d\u2019acc\u00e8s, de modification et de suppression des informations collect\u00e9es. Pour exercer ce droit, envoyez un message \u00e0 notre D\u00e9l\u00e9gu\u00e9 \u00e0 la Protection des Donn\u00e9es :\u00a0<strong>Fr\u00e9d\u00e9rique Le Brun<\/strong>\u00a0&#8211;\u00a0<strong>fredlebrun@gmail.com<\/strong><\/p>\n\n\n\n<p>Pour plus d&#8217;informations sur la fa\u00e7on dont nous traitons vos donn\u00e9es \u00e0 partir des cookies, lisez notre politique de cookies&nbsp;<strong><a href=\"https:\/\/frederiquelebrun.com\/en\/politique-de-cookies-eu\/\">https:\/\/frederiquelebrun.com\/politique-de-cookies-eu<\/a><\/strong><\/p>\n\n\n\n<hr class=\"wp-block-separator has-css-opacity\"\/>\n\n\n\n<h2 class=\"wp-block-heading\">Article 5 &#8211; Liens hypertextes et cookies<\/h2>\n\n\n\n<p>Le site&nbsp;<strong>https:\/\/frederiquelebrun.com<\/strong>&nbsp;contient des liens hypertextes vers d\u2019autres sites et d\u00e9gage toute responsabilit\u00e9 \u00e0 propos de ces liens externes ou des liens cr\u00e9\u00e9s par d\u2019autres sites vers&nbsp;<strong>https:\/\/frederiquelebrun.com<\/strong><\/p>\n\n\n\n<p>La navigation sur le site&nbsp;<strong>https:\/\/frederiquelebrun.com<\/strong>&nbsp;est susceptible de provoquer l\u2019installation de cookie(s) sur l\u2019ordinateur de l\u2019utilisateur.<\/p>\n\n\n\n<p>Un &#8220;cookie&#8221; est un fichier de petite taille qui enregistre des informations relatives \u00e0 la navigation d\u2019un utilisateur sur un site. Les donn\u00e9es ainsi obtenues permettent d&#8217;obtenir des mesures de fr\u00e9quentation, par exemple.<\/p>\n\n\n\n<p>Vous avez la possibilit\u00e9&nbsp;<strong>d\u2019accepter ou de refuser les cookies<\/strong>&nbsp;en modifiant les param\u00e8tres de votre navigateur. Aucun cookie ne sera d\u00e9pos\u00e9 sans votre consentement.<\/p>\n\n\n\n<p>Les cookies sont enregistr\u00e9s pour une dur\u00e9e maximale de&nbsp;13&nbsp;mois.<\/p>\n\n\n\n<p>Pour plus d&#8217;informations sur la fa\u00e7on dont nous faisons usage des cookies, lisez notre politique cookies :&nbsp;<strong>https:\/\/frederiquelebrun.com\/politique-de-cookies-eu\/<\/strong>.&nbsp;<\/p>\n\n\n\n<hr class=\"wp-block-separator has-css-opacity\"\/>\n\n\n\n<h2 class=\"wp-block-heading\">Article 6 &#8211; Droit applicable et attribution de juridiction.<\/h2>\n\n\n\n<p>Tout litige en relation avec l\u2019utilisation du site&nbsp;<strong>https:\/\/frederiquelebrun.com<\/strong>&nbsp;est soumis au droit fran\u00e7ais. En dehors des cas o\u00f9 la loi ne le permet pas, il est fait attribution exclusive de juridiction aux tribunaux comp\u00e9tents de&nbsp;<strong>Paris<\/strong>.<\/p>\n\n\n\n<div style=\"height:70px\" aria-hidden=\"true\" class=\"wp-block-spacer\"><\/div>","protected":false},"excerpt":{"rendered":"<p> [&hellip;]<\/p>\n","protected":false},"author":2,"featured_media":3446,"parent":0,"menu_order":1001,"comment_status":"closed","ping_status":"closed","template":"","meta":{"_uag_custom_page_level_css":"","site-sidebar-layout":"default","site-content-layout":"default","ast-site-content-layout":"default","site-content-style":"default","site-sidebar-style":"default","ast-global-header-display":"","ast-banner-title-visibility":"","ast-main-header-display":"","ast-hfb-above-header-display":"","ast-hfb-below-header-display":"","ast-hfb-mobile-header-display":"","site-post-title":"","ast-breadcrumbs-content":"","ast-featured-img":"disabled","footer-sml-layout":"","ast-disable-related-posts":"","theme-transparent-header-meta":"default","adv-header-id-meta":"","stick-header-meta":"","header-above-stick-meta":"","header-main-stick-meta":"","header-below-stick-meta":"","astra-migrate-meta-layouts":"set","ast-page-background-enabled":"default","ast-page-background-meta":{"desktop":{"background-color":"var(--ast-global-color-4)","background-image":"","background-repeat":"repeat","background-position":"center center","background-size":"auto","background-attachment":"scroll","background-type":"","background-media":"","overlay-type":"","overlay-color":"","overlay-opacity":"","overlay-gradient":""},"tablet":{"background-color":"","background-image":"","background-repeat":"repeat","background-position":"center center","background-size":"auto","background-attachment":"scroll","background-type":"","background-media":"","overlay-type":"","overlay-color":"","overlay-opacity":"","overlay-gradient":""},"mobile":{"background-color":"","background-image":"","background-repeat":"repeat","background-position":"center center","background-size":"auto","background-attachment":"scroll","background-type":"","background-media":"","overlay-type":"","overlay-color":"","overlay-opacity":"","overlay-gradient":""}},"ast-content-background-meta":{"desktop":{"background-color":"var(--ast-global-color-5)","background-image":"","background-repeat":"repeat","background-position":"center center","background-size":"auto","background-attachment":"scroll","background-type":"","background-media":"","overlay-type":"","overlay-color":"","overlay-opacity":"","overlay-gradient":""},"tablet":{"background-color":"var(--ast-global-color-5)","background-image":"","background-repeat":"repeat","background-position":"center center","background-size":"auto","background-attachment":"scroll","background-type":"","background-media":"","overlay-type":"","overlay-color":"","overlay-opacity":"","overlay-gradient":""},"mobile":{"background-color":"var(--ast-global-color-5)","background-image":"","background-repeat":"repeat","background-position":"center center","background-size":"auto","background-attachment":"scroll","background-type":"","background-media":"","overlay-type":"","overlay-color":"","overlay-opacity":"","overlay-gradient":""}},"_vp_format_video_url":"","_vp_image_focal_point":[],"footnotes":""},"class_list":["post-149","page","type-page","status-publish","has-post-thumbnail","hentry"],"yoast_head":"<!-- This site is optimized with the Yoast SEO plugin v27.4 - https:\/\/yoast.com\/product\/yoast-seo-wordpress\/ -->\n<title>Mentions l\u00e9gales - Fr\u00e9d\u00e9rique Le Brun<\/title>\n<meta name=\"description\" content=\"Page des mentions l\u00e9gales du site frederiquelebrun.com\" \/>\n<meta name=\"robots\" content=\"index, follow, max-snippet:-1, max-image-preview:large, max-video-preview:-1\" \/>\n<link rel=\"canonical\" href=\"https:\/\/frederiquelebrun.com\/en\/mentions-legales\/\" \/>\n<meta property=\"og:locale\" content=\"en_US\" \/>\n<meta property=\"og:type\" content=\"article\" \/>\n<meta property=\"og:title\" content=\"Mentions l\u00e9gales - Fr\u00e9d\u00e9rique Le Brun\" \/>\n<meta property=\"og:description\" content=\"Page des mentions l\u00e9gales du site frederiquelebrun.com\" \/>\n<meta property=\"og:url\" content=\"https:\/\/frederiquelebrun.com\/en\/mentions-legales\/\" \/>\n<meta property=\"og:site_name\" content=\"Fr\u00e9d\u00e9rique Le Brun\" \/>\n<meta property=\"article:modified_time\" content=\"2024-11-06T11:28:35+00:00\" \/>\n<meta property=\"og:image\" content=\"https:\/\/i0.wp.com\/frederiquelebrun.com\/wp-content\/uploads\/2021\/11\/01-2020-11-17-WP-FLB-evac-camp-saint-denis-_MG_2408.jpg?fit=2048%2C1365&ssl=1\" \/>\n\t<meta property=\"og:image:width\" content=\"2048\" \/>\n\t<meta property=\"og:image:height\" content=\"1365\" \/>\n\t<meta property=\"og:image:type\" content=\"image\/jpeg\" \/>\n<meta name=\"twitter:label1\" content=\"Est. reading time\" \/>\n\t<meta name=\"twitter:data1\" content=\"4 minutes\" \/>\n<script type=\"application\/ld+json\" class=\"yoast-schema-graph\">{\"@context\":\"https:\\\/\\\/schema.org\",\"@graph\":[{\"@type\":\"WebPage\",\"@id\":\"https:\\\/\\\/frederiquelebrun.com\\\/mentions-legales\\\/\",\"url\":\"https:\\\/\\\/frederiquelebrun.com\\\/mentions-legales\\\/\",\"name\":\"Mentions l\u00e9gales - Fr\u00e9d\u00e9rique Le Brun\",\"isPartOf\":{\"@id\":\"https:\\\/\\\/frederiquelebrun.com\\\/#website\"},\"primaryImageOfPage\":{\"@id\":\"https:\\\/\\\/frederiquelebrun.com\\\/mentions-legales\\\/#primaryimage\"},\"image\":{\"@id\":\"https:\\\/\\\/frederiquelebrun.com\\\/mentions-legales\\\/#primaryimage\"},\"thumbnailUrl\":\"https:\\\/\\\/i0.wp.com\\\/frederiquelebrun.com\\\/wp-content\\\/uploads\\\/2021\\\/12\\\/FiviconCaermaRougeacfond.png?fit=600%2C400&ssl=1\",\"datePublished\":\"2021-09-23T13:55:01+00:00\",\"dateModified\":\"2024-11-06T11:28:35+00:00\",\"description\":\"Page des mentions l\u00e9gales du site frederiquelebrun.com\",\"inLanguage\":\"en-US\",\"potentialAction\":[{\"@type\":\"ReadAction\",\"target\":[\"https:\\\/\\\/frederiquelebrun.com\\\/mentions-legales\\\/\"]}]},{\"@type\":\"ImageObject\",\"inLanguage\":\"en-US\",\"@id\":\"https:\\\/\\\/frederiquelebrun.com\\\/mentions-legales\\\/#primaryimage\",\"url\":\"https:\\\/\\\/i0.wp.com\\\/frederiquelebrun.com\\\/wp-content\\\/uploads\\\/2021\\\/12\\\/FiviconCaermaRougeacfond.png?fit=600%2C400&ssl=1\",\"contentUrl\":\"https:\\\/\\\/i0.wp.com\\\/frederiquelebrun.com\\\/wp-content\\\/uploads\\\/2021\\\/12\\\/FiviconCaermaRougeacfond.png?fit=600%2C400&ssl=1\",\"width\":600,\"height\":400},{\"@type\":\"WebSite\",\"@id\":\"https:\\\/\\\/frederiquelebrun.com\\\/#website\",\"url\":\"https:\\\/\\\/frederiquelebrun.com\\\/\",\"name\":\"Fr\u00e9d\u00e9rique Le Brun\",\"description\":\"Photojournaliste\",\"publisher\":{\"@id\":\"https:\\\/\\\/frederiquelebrun.com\\\/#\\\/schema\\\/person\\\/8fd7f23683bc30ddd1a0def83e0aa245\"},\"potentialAction\":[{\"@type\":\"SearchAction\",\"target\":{\"@type\":\"EntryPoint\",\"urlTemplate\":\"https:\\\/\\\/frederiquelebrun.com\\\/?s={search_term_string}\"},\"query-input\":{\"@type\":\"PropertyValueSpecification\",\"valueRequired\":true,\"valueName\":\"search_term_string\"}}],\"inLanguage\":\"en-US\"},{\"@type\":[\"Person\",\"Organization\"],\"@id\":\"https:\\\/\\\/frederiquelebrun.com\\\/#\\\/schema\\\/person\\\/8fd7f23683bc30ddd1a0def83e0aa245\",\"name\":\"Fr\u00e9d\u00e9rique Le Brun\",\"image\":{\"@type\":\"ImageObject\",\"inLanguage\":\"en-US\",\"@id\":\"https:\\\/\\\/i0.wp.com\\\/frederiquelebrun.com\\\/wp-content\\\/uploads\\\/2021\\\/11\\\/FLB-parc-teheran-3b.jpg?fit=960%2C720&ssl=1\",\"url\":\"https:\\\/\\\/i0.wp.com\\\/frederiquelebrun.com\\\/wp-content\\\/uploads\\\/2021\\\/11\\\/FLB-parc-teheran-3b.jpg?fit=960%2C720&ssl=1\",\"contentUrl\":\"https:\\\/\\\/i0.wp.com\\\/frederiquelebrun.com\\\/wp-content\\\/uploads\\\/2021\\\/11\\\/FLB-parc-teheran-3b.jpg?fit=960%2C720&ssl=1\",\"width\":960,\"height\":720,\"caption\":\"Fr\u00e9d\u00e9rique Le Brun\"},\"logo\":{\"@id\":\"https:\\\/\\\/i0.wp.com\\\/frederiquelebrun.com\\\/wp-content\\\/uploads\\\/2021\\\/11\\\/FLB-parc-teheran-3b.jpg?fit=960%2C720&ssl=1\"}}]}<\/script>\n<!-- \/ Yoast SEO plugin. -->","yoast_head_json":{"title":"Mentions l\u00e9gales - Fr\u00e9d\u00e9rique Le Brun","description":"Page des mentions l\u00e9gales du site frederiquelebrun.com","robots":{"index":"index","follow":"follow","max-snippet":"max-snippet:-1","max-image-preview":"max-image-preview:large","max-video-preview":"max-video-preview:-1"},"canonical":"https:\/\/frederiquelebrun.com\/en\/mentions-legales\/","og_locale":"en_US","og_type":"article","og_title":"Mentions l\u00e9gales - Fr\u00e9d\u00e9rique Le Brun","og_description":"Page des mentions l\u00e9gales du site frederiquelebrun.com","og_url":"https:\/\/frederiquelebrun.com\/en\/mentions-legales\/","og_site_name":"Fr\u00e9d\u00e9rique Le Brun","article_modified_time":"2024-11-06T11:28:35+00:00","og_image":[{"width":2048,"height":1365,"url":"https:\/\/i0.wp.com\/frederiquelebrun.com\/wp-content\/uploads\/2021\/11\/01-2020-11-17-WP-FLB-evac-camp-saint-denis-_MG_2408.jpg?fit=2048%2C1365&ssl=1","type":"image\/jpeg"}],"twitter_misc":{"Est. reading time":"4 minutes"},"schema":{"@context":"https:\/\/schema.org","@graph":[{"@type":"WebPage","@id":"https:\/\/frederiquelebrun.com\/mentions-legales\/","url":"https:\/\/frederiquelebrun.com\/mentions-legales\/","name":"Mentions l\u00e9gales - Fr\u00e9d\u00e9rique Le Brun","isPartOf":{"@id":"https:\/\/frederiquelebrun.com\/#website"},"primaryImageOfPage":{"@id":"https:\/\/frederiquelebrun.com\/mentions-legales\/#primaryimage"},"image":{"@id":"https:\/\/frederiquelebrun.com\/mentions-legales\/#primaryimage"},"thumbnailUrl":"https:\/\/i0.wp.com\/frederiquelebrun.com\/wp-content\/uploads\/2021\/12\/FiviconCaermaRougeacfond.png?fit=600%2C400&ssl=1","datePublished":"2021-09-23T13:55:01+00:00","dateModified":"2024-11-06T11:28:35+00:00","description":"Page des mentions l\u00e9gales du site frederiquelebrun.com","inLanguage":"en-US","potentialAction":[{"@type":"ReadAction","target":["https:\/\/frederiquelebrun.com\/mentions-legales\/"]}]},{"@type":"ImageObject","inLanguage":"en-US","@id":"https:\/\/frederiquelebrun.com\/mentions-legales\/#primaryimage","url":"https:\/\/i0.wp.com\/frederiquelebrun.com\/wp-content\/uploads\/2021\/12\/FiviconCaermaRougeacfond.png?fit=600%2C400&ssl=1","contentUrl":"https:\/\/i0.wp.com\/frederiquelebrun.com\/wp-content\/uploads\/2021\/12\/FiviconCaermaRougeacfond.png?fit=600%2C400&ssl=1","width":600,"height":400},{"@type":"WebSite","@id":"https:\/\/frederiquelebrun.com\/#website","url":"https:\/\/frederiquelebrun.com\/","name":"Fr\u00e9d\u00e9rique Le Brun","description":"Photojournalist","publisher":{"@id":"https:\/\/frederiquelebrun.com\/#\/schema\/person\/8fd7f23683bc30ddd1a0def83e0aa245"},"potentialAction":[{"@type":"SearchAction","target":{"@type":"EntryPoint","urlTemplate":"https:\/\/frederiquelebrun.com\/?s={search_term_string}"},"query-input":{"@type":"PropertyValueSpecification","valueRequired":true,"valueName":"search_term_string"}}],"inLanguage":"en-US"},{"@type":["Person","Organization"],"@id":"https:\/\/frederiquelebrun.com\/#\/schema\/person\/8fd7f23683bc30ddd1a0def83e0aa245","name":"Fr\u00e9d\u00e9rique Le Brun","image":{"@type":"ImageObject","inLanguage":"en-US","@id":"https:\/\/i0.wp.com\/frederiquelebrun.com\/wp-content\/uploads\/2021\/11\/FLB-parc-teheran-3b.jpg?fit=960%2C720&ssl=1","url":"https:\/\/i0.wp.com\/frederiquelebrun.com\/wp-content\/uploads\/2021\/11\/FLB-parc-teheran-3b.jpg?fit=960%2C720&ssl=1","contentUrl":"https:\/\/i0.wp.com\/frederiquelebrun.com\/wp-content\/uploads\/2021\/11\/FLB-parc-teheran-3b.jpg?fit=960%2C720&ssl=1","width":960,"height":720,"caption":"Fr\u00e9d\u00e9rique Le Brun"},"logo":{"@id":"https:\/\/i0.wp.com\/frederiquelebrun.com\/wp-content\/uploads\/2021\/11\/FLB-parc-teheran-3b.jpg?fit=960%2C720&ssl=1"}}]}},"uagb_featured_image_src":{"full":["https:\/\/i0.wp.com\/frederiquelebrun.com\/wp-content\/uploads\/2021\/12\/FiviconCaermaRougeacfond.png?fit=600%2C400&ssl=1",600,400,false],"thumbnail":["https:\/\/i0.wp.com\/frederiquelebrun.com\/wp-content\/uploads\/2021\/12\/FiviconCaermaRougeacfond.png?resize=150%2C150&ssl=1",150,150,true],"medium":["https:\/\/i0.wp.com\/frederiquelebrun.com\/wp-content\/uploads\/2021\/12\/FiviconCaermaRougeacfond.png?fit=300%2C200&ssl=1",300,200,true],"medium_large":["https:\/\/i0.wp.com\/frederiquelebrun.com\/wp-content\/uploads\/2021\/12\/FiviconCaermaRougeacfond.png?fit=600%2C400&ssl=1",600,400,true],"large":["https:\/\/i0.wp.com\/frederiquelebrun.com\/wp-content\/uploads\/2021\/12\/FiviconCaermaRougeacfond.png?fit=600%2C400&ssl=1",600,400,true],"1536x1536":["https:\/\/i0.wp.com\/frederiquelebrun.com\/wp-content\/uploads\/2021\/12\/FiviconCaermaRougeacfond.png?fit=600%2C400&ssl=1",600,400,true],"2048x2048":["https:\/\/i0.wp.com\/frederiquelebrun.com\/wp-content\/uploads\/2021\/12\/FiviconCaermaRougeacfond.png?fit=600%2C400&ssl=1",600,400,true],"trp-custom-language-flag":["https:\/\/i0.wp.com\/frederiquelebrun.com\/wp-content\/uploads\/2021\/12\/FiviconCaermaRougeacfond.png?fit=18%2C12&ssl=1",18,12,true],"travelersmap-thumb":["https:\/\/i0.wp.com\/frederiquelebrun.com\/wp-content\/uploads\/2021\/12\/FiviconCaermaRougeacfond.png?resize=300%2C200&ssl=1",300,200,true],"vp_sm":["https:\/\/i0.wp.com\/frederiquelebrun.com\/wp-content\/uploads\/2021\/12\/FiviconCaermaRougeacfond.png?fit=500%2C333&ssl=1",500,333,true],"vp_md":["https:\/\/i0.wp.com\/frederiquelebrun.com\/wp-content\/uploads\/2021\/12\/FiviconCaermaRougeacfond.png?fit=600%2C400&ssl=1",600,400,true],"vp_lg":["https:\/\/i0.wp.com\/frederiquelebrun.com\/wp-content\/uploads\/2021\/12\/FiviconCaermaRougeacfond.png?fit=600%2C400&ssl=1",600,400,true],"vp_xl":["https:\/\/i0.wp.com\/frederiquelebrun.com\/wp-content\/uploads\/2021\/12\/FiviconCaermaRougeacfond.png?fit=600%2C400&ssl=1",600,400,true],"vp_sm_popup":["https:\/\/i0.wp.com\/frederiquelebrun.com\/wp-content\/uploads\/2021\/12\/FiviconCaermaRougeacfond.png?fit=500%2C333&ssl=1",500,333,true],"vp_md_popup":["https:\/\/i0.wp.com\/frederiquelebrun.com\/wp-content\/uploads\/2021\/12\/FiviconCaermaRougeacfond.png?fit=600%2C400&ssl=1",600,400,true],"vp_xl_popup":["https:\/\/i0.wp.com\/frederiquelebrun.com\/wp-content\/uploads\/2021\/12\/FiviconCaermaRougeacfond.png?fit=600%2C400&ssl=1",600,400,true],"woocommerce_thumbnail":["https:\/\/i0.wp.com\/frederiquelebrun.com\/wp-content\/uploads\/2021\/12\/FiviconCaermaRougeacfond.png?fit=300%2C200&ssl=1",300,200,true],"woocommerce_single":["https:\/\/i0.wp.com\/frederiquelebrun.com\/wp-content\/uploads\/2021\/12\/FiviconCaermaRougeacfond.png?fit=600%2C400&ssl=1",600,400,true],"woocommerce_gallery_thumbnail":["https:\/\/i0.wp.com\/frederiquelebrun.com\/wp-content\/uploads\/2021\/12\/FiviconCaermaRougeacfond.png?resize=100%2C100&ssl=1",100,100,true]},"uagb_author_info":{"display_name":"Fr\u00e9d\u00e9rique Le Brun","author_link":"https:\/\/frederiquelebrun.com\/en\/author\/emmanuel\/"},"uagb_comment_info":0,"uagb_excerpt":"[&hellip;]","jetpack_sharing_enabled":true,"jetpack-related-posts":[{"id":2197,"url":"https:\/\/frederiquelebrun.com\/en\/cgv\/","url_meta":{"origin":149,"position":0},"title":"Terms of Sales","author":"","date":"7 December 2021","format":false,"excerpt":"Madame Fr\u00e9d\u00e9rique Le BrunEntreprise individuelle\u00a0Adresse du courrier \u00e9lectronique fredlebrunphoto@gmail.com;RCS (ou R\u00e9pertoire des m\u00e9tiers) de\u00a0 n\u00b081386300800013 9003B;Le responsable de la publication personne physique est Fr\u00e9d\u00e9rique Le Brun; Les pr\u00e9sentes CGV ont \u00e9t\u00e9 g\u00e9n\u00e9r\u00e9es gratuitement par la soci\u00e9t\u00e9 de communication http:\/\/kinic.fr Conditions g\u00e9n\u00e9rales de vente des produits vendus sur Fr\u00e9d\u00e9rique Le Brun\u2026","rel":"","context":"Similar post","block_context":{"text":"Similar post","link":""},"img":{"alt_text":"","src":"https:\/\/i0.wp.com\/frederiquelebrun.com\/wp-content\/uploads\/2021\/12\/FiviconCaermaRougeacfond.png?fit=600%2C400&ssl=1&resize=350%2C200","width":350,"height":200,"srcset":"https:\/\/i0.wp.com\/frederiquelebrun.com\/wp-content\/uploads\/2021\/12\/FiviconCaermaRougeacfond.png?fit=600%2C400&ssl=1&resize=350%2C200 1x, https:\/\/i0.wp.com\/frederiquelebrun.com\/wp-content\/uploads\/2021\/12\/FiviconCaermaRougeacfond.png?fit=600%2C400&ssl=1&resize=525%2C300 1.5x"},"classes":[]},{"id":250,"url":"https:\/\/frederiquelebrun.com\/en\/","url_meta":{"origin":149,"position":1},"title":"Accueil","author":"Fr\u00e9d\u00e9rique Le Brun","date":"24 September 2021","format":false,"excerpt":"Fr\u00e9d\u00e9rique Le Brun Photo Sur ce site, vous pouvez retrouver le travail de la photographe Fr\u00e9d\u00e9rique Le Brun :actus, reportages, s\u00e9ries, portfolio, Moyen-Orient (Iran, Irak), Bretagne\u2026 Blog : Vie et mort d\u2019un campement Le 15 janvier, \u00e0 15 heures, \u00e0 Malakoff, j'expose et discute de mon travail photographique de l'automne\u2026","rel":"","context":"Similar post","block_context":{"text":"Similar post","link":""},"img":{"alt_text":"","src":"https:\/\/i0.wp.com\/frederiquelebrun.com\/wp-content\/uploads\/2021\/12\/FiviconCaermaRougeacfond.png?fit=600%2C400&ssl=1&resize=350%2C200","width":350,"height":200,"srcset":"https:\/\/i0.wp.com\/frederiquelebrun.com\/wp-content\/uploads\/2021\/12\/FiviconCaermaRougeacfond.png?fit=600%2C400&ssl=1&resize=350%2C200 1x, https:\/\/i0.wp.com\/frederiquelebrun.com\/wp-content\/uploads\/2021\/12\/FiviconCaermaRougeacfond.png?fit=600%2C400&ssl=1&resize=525%2C300 1.5x"},"classes":[]}],"_links":{"self":[{"href":"https:\/\/frederiquelebrun.com\/en\/wp-json\/wp\/v2\/pages\/149","targetHints":{"allow":["GET"]}}],"collection":[{"href":"https:\/\/frederiquelebrun.com\/en\/wp-json\/wp\/v2\/pages"}],"about":[{"href":"https:\/\/frederiquelebrun.com\/en\/wp-json\/wp\/v2\/types\/page"}],"author":[{"embeddable":true,"href":"https:\/\/frederiquelebrun.com\/en\/wp-json\/wp\/v2\/users\/2"}],"replies":[{"embeddable":true,"href":"https:\/\/frederiquelebrun.com\/en\/wp-json\/wp\/v2\/comments?post=149"}],"version-history":[{"count":0,"href":"https:\/\/frederiquelebrun.com\/en\/wp-json\/wp\/v2\/pages\/149\/revisions"}],"wp:featuredmedia":[{"embeddable":true,"href":"https:\/\/frederiquelebrun.com\/en\/wp-json\/wp\/v2\/media\/3446"}],"wp:attachment":[{"href":"https:\/\/frederiquelebrun.com\/en\/wp-json\/wp\/v2\/media?parent=149"}],"curies":[{"name":"wp","href":"https:\/\/api.w.org\/{rel}","templated":true}]}}