{"id":2194,"date":"2021-11-22T16:06:34","date_gmt":"2021-11-22T15:06:34","guid":{"rendered":"https:\/\/frederiquelebrun.com\/panier\/"},"modified":"2022-01-04T21:23:25","modified_gmt":"2022-01-04T20:23:25","slug":"panier","status":"publish","type":"page","link":"https:\/\/frederiquelebrun.com\/en\/panier\/","title":{"rendered":"Cart"},"content":{"rendered":"","protected":false},"excerpt":{"rendered":"","protected":false},"author":1,"featured_media":3446,"parent":0,"menu_order":0,"comment_status":"closed","ping_status":"closed","template":"","meta":{"_uag_custom_page_level_css":"","site-sidebar-layout":"default","site-content-layout":"","ast-site-content-layout":"default","site-content-style":"default","site-sidebar-style":"default","ast-global-header-display":"","ast-banner-title-visibility":"","ast-main-header-display":"","ast-hfb-above-header-display":"","ast-hfb-below-header-display":"","ast-hfb-mobile-header-display":"","site-post-title":"","ast-breadcrumbs-content":"","ast-featured-img":"","footer-sml-layout":"","ast-disable-related-posts":"","theme-transparent-header-meta":"","adv-header-id-meta":"","stick-header-meta":"","header-above-stick-meta":"","header-main-stick-meta":"","header-below-stick-meta":"","astra-migrate-meta-layouts":"default","ast-page-background-enabled":"default","ast-page-background-meta":{"desktop":{"background-color":"var(--ast-global-color-4)","background-image":"","background-repeat":"repeat","background-position":"center center","background-size":"auto","background-attachment":"scroll","background-type":"","background-media":"","overlay-type":"","overlay-color":"","overlay-opacity":"","overlay-gradient":""},"tablet":{"background-color":"","background-image":"","background-repeat":"repeat","background-position":"center center","background-size":"auto","background-attachment":"scroll","background-type":"","background-media":"","overlay-type":"","overlay-color":"","overlay-opacity":"","overlay-gradient":""},"mobile":{"background-color":"","background-image":"","background-repeat":"repeat","background-position":"center center","background-size":"auto","background-attachment":"scroll","background-type":"","background-media":"","overlay-type":"","overlay-color":"","overlay-opacity":"","overlay-gradient":""}},"ast-content-background-meta":{"desktop":{"background-color":"var(--ast-global-color-5)","background-image":"","background-repeat":"repeat","background-position":"center center","background-size":"auto","background-attachment":"scroll","background-type":"","background-media":"","overlay-type":"","overlay-color":"","overlay-opacity":"","overlay-gradient":""},"tablet":{"background-color":"var(--ast-global-color-5)","background-image":"","background-repeat":"repeat","background-position":"center center","background-size":"auto","background-attachment":"scroll","background-type":"","background-media":"","overlay-type":"","overlay-color":"","overlay-opacity":"","overlay-gradient":""},"mobile":{"background-color":"var(--ast-global-color-5)","background-image":"","background-repeat":"repeat","background-position":"center center","background-size":"auto","background-attachment":"scroll","background-type":"","background-media":"","overlay-type":"","overlay-color":"","overlay-opacity":"","overlay-gradient":""}},"_vp_format_video_url":"","_vp_image_focal_point":[],"footnotes":""},"class_list":["post-2194","page","type-page","status-publish","has-post-thumbnail","hentry"],"yoast_head":"<!-- This site is optimized with the Yoast SEO plugin v27.4 - https:\/\/yoast.com\/product\/yoast-seo-wordpress\/ -->\n<title>Panier - Fr\u00e9d\u00e9rique Le Brun<\/title>\n<meta name=\"description\" content=\"Page panier du site de la photojournaliste Fr\u00e9d\u00e9rique Le Brun : tirages photo de reportages en France (Paris, Bretagne...) et au Moyen-Orient\" \/>\n<meta name=\"robots\" content=\"index, follow, max-snippet:-1, max-image-preview:large, max-video-preview:-1\" \/>\n<link rel=\"canonical\" href=\"https:\/\/frederiquelebrun.com\/en\/panier\/\" \/>\n<meta property=\"og:locale\" content=\"en_US\" \/>\n<meta property=\"og:type\" content=\"article\" \/>\n<meta property=\"og:title\" content=\"Panier - Fr\u00e9d\u00e9rique Le Brun\" \/>\n<meta property=\"og:description\" content=\"Page panier du site de la photojournaliste Fr\u00e9d\u00e9rique Le Brun : tirages photo de reportages en France (Paris, Bretagne...) et au Moyen-Orient\" \/>\n<meta property=\"og:url\" content=\"https:\/\/frederiquelebrun.com\/en\/panier\/\" \/>\n<meta property=\"og:site_name\" content=\"Fr\u00e9d\u00e9rique Le Brun\" \/>\n<meta property=\"article:modified_time\" content=\"2022-01-04T20:23:25+00:00\" \/>\n<meta property=\"og:image\" content=\"https:\/\/i0.wp.com\/frederiquelebrun.com\/wp-content\/uploads\/2021\/11\/01-2020-11-17-WP-FLB-evac-camp-saint-denis-_MG_2408.jpg?fit=2048%2C1365&ssl=1\" \/>\n\t<meta property=\"og:image:width\" content=\"2048\" \/>\n\t<meta property=\"og:image:height\" content=\"1365\" \/>\n\t<meta property=\"og:image:type\" content=\"image\/jpeg\" \/>\n<meta name=\"twitter:label1\" content=\"Est. reading time\" \/>\n\t<meta name=\"twitter:data1\" content=\"1 minute\" \/>\n<script type=\"application\/ld+json\" class=\"yoast-schema-graph\">{\"@context\":\"https:\\\/\\\/schema.org\",\"@graph\":[{\"@type\":\"WebPage\",\"@id\":\"https:\\\/\\\/frederiquelebrun.com\\\/panier\\\/\",\"url\":\"https:\\\/\\\/frederiquelebrun.com\\\/panier\\\/\",\"name\":\"Panier - Fr\u00e9d\u00e9rique Le Brun\",\"isPartOf\":{\"@id\":\"https:\\\/\\\/frederiquelebrun.com\\\/#website\"},\"primaryImageOfPage\":{\"@id\":\"https:\\\/\\\/frederiquelebrun.com\\\/panier\\\/#primaryimage\"},\"image\":{\"@id\":\"https:\\\/\\\/frederiquelebrun.com\\\/panier\\\/#primaryimage\"},\"thumbnailUrl\":\"https:\\\/\\\/i0.wp.com\\\/frederiquelebrun.com\\\/wp-content\\\/uploads\\\/2021\\\/12\\\/FiviconCaermaRougeacfond.png?fit=600%2C400&ssl=1\",\"datePublished\":\"2021-11-22T15:06:34+00:00\",\"dateModified\":\"2022-01-04T20:23:25+00:00\",\"description\":\"Page panier du site de la photojournaliste Fr\u00e9d\u00e9rique Le Brun : tirages photo de reportages en France (Paris, Bretagne...) et au Moyen-Orient\",\"inLanguage\":\"en-US\",\"potentialAction\":[{\"@type\":\"ReadAction\",\"target\":[\"https:\\\/\\\/frederiquelebrun.com\\\/panier\\\/\"]}]},{\"@type\":\"ImageObject\",\"inLanguage\":\"en-US\",\"@id\":\"https:\\\/\\\/frederiquelebrun.com\\\/panier\\\/#primaryimage\",\"url\":\"https:\\\/\\\/i0.wp.com\\\/frederiquelebrun.com\\\/wp-content\\\/uploads\\\/2021\\\/12\\\/FiviconCaermaRougeacfond.png?fit=600%2C400&ssl=1\",\"contentUrl\":\"https:\\\/\\\/i0.wp.com\\\/frederiquelebrun.com\\\/wp-content\\\/uploads\\\/2021\\\/12\\\/FiviconCaermaRougeacfond.png?fit=600%2C400&ssl=1\",\"width\":600,\"height\":400},{\"@type\":\"WebSite\",\"@id\":\"https:\\\/\\\/frederiquelebrun.com\\\/#website\",\"url\":\"https:\\\/\\\/frederiquelebrun.com\\\/\",\"name\":\"Fr\u00e9d\u00e9rique Le Brun\",\"description\":\"Photojournaliste\",\"publisher\":{\"@id\":\"https:\\\/\\\/frederiquelebrun.com\\\/#\\\/schema\\\/person\\\/8fd7f23683bc30ddd1a0def83e0aa245\"},\"potentialAction\":[{\"@type\":\"SearchAction\",\"target\":{\"@type\":\"EntryPoint\",\"urlTemplate\":\"https:\\\/\\\/frederiquelebrun.com\\\/?s={search_term_string}\"},\"query-input\":{\"@type\":\"PropertyValueSpecification\",\"valueRequired\":true,\"valueName\":\"search_term_string\"}}],\"inLanguage\":\"en-US\"},{\"@type\":[\"Person\",\"Organization\"],\"@id\":\"https:\\\/\\\/frederiquelebrun.com\\\/#\\\/schema\\\/person\\\/8fd7f23683bc30ddd1a0def83e0aa245\",\"name\":\"Fr\u00e9d\u00e9rique Le Brun\",\"image\":{\"@type\":\"ImageObject\",\"inLanguage\":\"en-US\",\"@id\":\"https:\\\/\\\/i0.wp.com\\\/frederiquelebrun.com\\\/wp-content\\\/uploads\\\/2021\\\/11\\\/FLB-parc-teheran-3b.jpg?fit=960%2C720&ssl=1\",\"url\":\"https:\\\/\\\/i0.wp.com\\\/frederiquelebrun.com\\\/wp-content\\\/uploads\\\/2021\\\/11\\\/FLB-parc-teheran-3b.jpg?fit=960%2C720&ssl=1\",\"contentUrl\":\"https:\\\/\\\/i0.wp.com\\\/frederiquelebrun.com\\\/wp-content\\\/uploads\\\/2021\\\/11\\\/FLB-parc-teheran-3b.jpg?fit=960%2C720&ssl=1\",\"width\":960,\"height\":720,\"caption\":\"Fr\u00e9d\u00e9rique Le Brun\"},\"logo\":{\"@id\":\"https:\\\/\\\/i0.wp.com\\\/frederiquelebrun.com\\\/wp-content\\\/uploads\\\/2021\\\/11\\\/FLB-parc-teheran-3b.jpg?fit=960%2C720&ssl=1\"}}]}<\/script>\n<!-- \/ Yoast SEO plugin. -->","yoast_head_json":{"title":"Panier - Fr\u00e9d\u00e9rique Le Brun","description":"Page panier du site de la photojournaliste Fr\u00e9d\u00e9rique Le Brun : tirages photo de reportages en France (Paris, Bretagne...) et au Moyen-Orient","robots":{"index":"index","follow":"follow","max-snippet":"max-snippet:-1","max-image-preview":"max-image-preview:large","max-video-preview":"max-video-preview:-1"},"canonical":"https:\/\/frederiquelebrun.com\/en\/panier\/","og_locale":"en_US","og_type":"article","og_title":"Panier - Fr\u00e9d\u00e9rique Le Brun","og_description":"Page panier du site de la photojournaliste Fr\u00e9d\u00e9rique Le Brun : tirages photo de reportages en France (Paris, Bretagne...) et au Moyen-Orient","og_url":"https:\/\/frederiquelebrun.com\/en\/panier\/","og_site_name":"Fr\u00e9d\u00e9rique Le Brun","article_modified_time":"2022-01-04T20:23:25+00:00","og_image":[{"width":2048,"height":1365,"url":"https:\/\/i0.wp.com\/frederiquelebrun.com\/wp-content\/uploads\/2021\/11\/01-2020-11-17-WP-FLB-evac-camp-saint-denis-_MG_2408.jpg?fit=2048%2C1365&ssl=1","type":"image\/jpeg"}],"twitter_misc":{"Est. reading time":"1 minute"},"schema":{"@context":"https:\/\/schema.org","@graph":[{"@type":"WebPage","@id":"https:\/\/frederiquelebrun.com\/panier\/","url":"https:\/\/frederiquelebrun.com\/panier\/","name":"Panier - Fr\u00e9d\u00e9rique Le Brun","isPartOf":{"@id":"https:\/\/frederiquelebrun.com\/#website"},"primaryImageOfPage":{"@id":"https:\/\/frederiquelebrun.com\/panier\/#primaryimage"},"image":{"@id":"https:\/\/frederiquelebrun.com\/panier\/#primaryimage"},"thumbnailUrl":"https:\/\/i0.wp.com\/frederiquelebrun.com\/wp-content\/uploads\/2021\/12\/FiviconCaermaRougeacfond.png?fit=600%2C400&ssl=1","datePublished":"2021-11-22T15:06:34+00:00","dateModified":"2022-01-04T20:23:25+00:00","description":"Page panier du site de la photojournaliste Fr\u00e9d\u00e9rique Le Brun : tirages photo de reportages en France (Paris, Bretagne...) et au Moyen-Orient","inLanguage":"en-US","potentialAction":[{"@type":"ReadAction","target":["https:\/\/frederiquelebrun.com\/panier\/"]}]},{"@type":"ImageObject","inLanguage":"en-US","@id":"https:\/\/frederiquelebrun.com\/panier\/#primaryimage","url":"https:\/\/i0.wp.com\/frederiquelebrun.com\/wp-content\/uploads\/2021\/12\/FiviconCaermaRougeacfond.png?fit=600%2C400&ssl=1","contentUrl":"https:\/\/i0.wp.com\/frederiquelebrun.com\/wp-content\/uploads\/2021\/12\/FiviconCaermaRougeacfond.png?fit=600%2C400&ssl=1","width":600,"height":400},{"@type":"WebSite","@id":"https:\/\/frederiquelebrun.com\/#website","url":"https:\/\/frederiquelebrun.com\/","name":"Fr\u00e9d\u00e9rique Le Brun","description":"Photojournalist","publisher":{"@id":"https:\/\/frederiquelebrun.com\/#\/schema\/person\/8fd7f23683bc30ddd1a0def83e0aa245"},"potentialAction":[{"@type":"SearchAction","target":{"@type":"EntryPoint","urlTemplate":"https:\/\/frederiquelebrun.com\/?s={search_term_string}"},"query-input":{"@type":"PropertyValueSpecification","valueRequired":true,"valueName":"search_term_string"}}],"inLanguage":"en-US"},{"@type":["Person","Organization"],"@id":"https:\/\/frederiquelebrun.com\/#\/schema\/person\/8fd7f23683bc30ddd1a0def83e0aa245","name":"Fr\u00e9d\u00e9rique Le Brun","image":{"@type":"ImageObject","inLanguage":"en-US","@id":"https:\/\/i0.wp.com\/frederiquelebrun.com\/wp-content\/uploads\/2021\/11\/FLB-parc-teheran-3b.jpg?fit=960%2C720&ssl=1","url":"https:\/\/i0.wp.com\/frederiquelebrun.com\/wp-content\/uploads\/2021\/11\/FLB-parc-teheran-3b.jpg?fit=960%2C720&ssl=1","contentUrl":"https:\/\/i0.wp.com\/frederiquelebrun.com\/wp-content\/uploads\/2021\/11\/FLB-parc-teheran-3b.jpg?fit=960%2C720&ssl=1","width":960,"height":720,"caption":"Fr\u00e9d\u00e9rique Le Brun"},"logo":{"@id":"https:\/\/i0.wp.com\/frederiquelebrun.com\/wp-content\/uploads\/2021\/11\/FLB-parc-teheran-3b.jpg?fit=960%2C720&ssl=1"}}]}},"uagb_featured_image_src":{"full":["https:\/\/i0.wp.com\/frederiquelebrun.com\/wp-content\/uploads\/2021\/12\/FiviconCaermaRougeacfond.png?fit=600%2C400&ssl=1",600,400,false],"thumbnail":["https:\/\/i0.wp.com\/frederiquelebrun.com\/wp-content\/uploads\/2021\/12\/FiviconCaermaRougeacfond.png?resize=150%2C150&ssl=1",150,150,true],"medium":["https:\/\/i0.wp.com\/frederiquelebrun.com\/wp-content\/uploads\/2021\/12\/FiviconCaermaRougeacfond.png?fit=300%2C200&ssl=1",300,200,true],"medium_large":["https:\/\/i0.wp.com\/frederiquelebrun.com\/wp-content\/uploads\/2021\/12\/FiviconCaermaRougeacfond.png?fit=600%2C400&ssl=1",600,400,true],"large":["https:\/\/i0.wp.com\/frederiquelebrun.com\/wp-content\/uploads\/2021\/12\/FiviconCaermaRougeacfond.png?fit=600%2C400&ssl=1",600,400,true],"1536x1536":["https:\/\/i0.wp.com\/frederiquelebrun.com\/wp-content\/uploads\/2021\/12\/FiviconCaermaRougeacfond.png?fit=600%2C400&ssl=1",600,400,true],"2048x2048":["https:\/\/i0.wp.com\/frederiquelebrun.com\/wp-content\/uploads\/2021\/12\/FiviconCaermaRougeacfond.png?fit=600%2C400&ssl=1",600,400,true],"trp-custom-language-flag":["https:\/\/i0.wp.com\/frederiquelebrun.com\/wp-content\/uploads\/2021\/12\/FiviconCaermaRougeacfond.png?fit=18%2C12&ssl=1",18,12,true],"travelersmap-thumb":["https:\/\/i0.wp.com\/frederiquelebrun.com\/wp-content\/uploads\/2021\/12\/FiviconCaermaRougeacfond.png?resize=300%2C200&ssl=1",300,200,true],"vp_sm":["https:\/\/i0.wp.com\/frederiquelebrun.com\/wp-content\/uploads\/2021\/12\/FiviconCaermaRougeacfond.png?fit=500%2C333&ssl=1",500,333,true],"vp_md":["https:\/\/i0.wp.com\/frederiquelebrun.com\/wp-content\/uploads\/2021\/12\/FiviconCaermaRougeacfond.png?fit=600%2C400&ssl=1",600,400,true],"vp_lg":["https:\/\/i0.wp.com\/frederiquelebrun.com\/wp-content\/uploads\/2021\/12\/FiviconCaermaRougeacfond.png?fit=600%2C400&ssl=1",600,400,true],"vp_xl":["https:\/\/i0.wp.com\/frederiquelebrun.com\/wp-content\/uploads\/2021\/12\/FiviconCaermaRougeacfond.png?fit=600%2C400&ssl=1",600,400,true],"vp_sm_popup":["https:\/\/i0.wp.com\/frederiquelebrun.com\/wp-content\/uploads\/2021\/12\/FiviconCaermaRougeacfond.png?fit=500%2C333&ssl=1",500,333,true],"vp_md_popup":["https:\/\/i0.wp.com\/frederiquelebrun.com\/wp-content\/uploads\/2021\/12\/FiviconCaermaRougeacfond.png?fit=600%2C400&ssl=1",600,400,true],"vp_xl_popup":["https:\/\/i0.wp.com\/frederiquelebrun.com\/wp-content\/uploads\/2021\/12\/FiviconCaermaRougeacfond.png?fit=600%2C400&ssl=1",600,400,true],"woocommerce_thumbnail":["https:\/\/i0.wp.com\/frederiquelebrun.com\/wp-content\/uploads\/2021\/12\/FiviconCaermaRougeacfond.png?fit=300%2C200&ssl=1",300,200,true],"woocommerce_single":["https:\/\/i0.wp.com\/frederiquelebrun.com\/wp-content\/uploads\/2021\/12\/FiviconCaermaRougeacfond.png?fit=600%2C400&ssl=1",600,400,true],"woocommerce_gallery_thumbnail":["https:\/\/i0.wp.com\/frederiquelebrun.com\/wp-content\/uploads\/2021\/12\/FiviconCaermaRougeacfond.png?resize=100%2C100&ssl=1",100,100,true]},"uagb_author_info":{"display_name":"","author_link":"https:\/\/frederiquelebrun.com\/en\/author\/"},"uagb_comment_info":0,"uagb_excerpt":null,"jetpack_sharing_enabled":true,"jetpack-related-posts":[],"_links":{"self":[{"href":"https:\/\/frederiquelebrun.com\/en\/wp-json\/wp\/v2\/pages\/2194","targetHints":{"allow":["GET"]}}],"collection":[{"href":"https:\/\/frederiquelebrun.com\/en\/wp-json\/wp\/v2\/pages"}],"about":[{"href":"https:\/\/frederiquelebrun.com\/en\/wp-json\/wp\/v2\/types\/page"}],"author":[{"embeddable":true,"href":"https:\/\/frederiquelebrun.com\/en\/wp-json\/wp\/v2\/users\/1"}],"replies":[{"embeddable":true,"href":"https:\/\/frederiquelebrun.com\/en\/wp-json\/wp\/v2\/comments?post=2194"}],"version-history":[{"count":0,"href":"https:\/\/frederiquelebrun.com\/en\/wp-json\/wp\/v2\/pages\/2194\/revisions"}],"wp:featuredmedia":[{"embeddable":true,"href":"https:\/\/frederiquelebrun.com\/en\/wp-json\/wp\/v2\/media\/3446"}],"wp:attachment":[{"href":"https:\/\/frederiquelebrun.com\/en\/wp-json\/wp\/v2\/media?parent=2194"}],"curies":[{"name":"wp","href":"https:\/\/api.w.org\/{rel}","templated":true}]}}