{"id":2201,"date":"2021-11-22T16:13:35","date_gmt":"2021-11-22T15:13:35","guid":{"rendered":"https:\/\/frederiquelebrun.com\/produit\/v-neck-t-shirt\/"},"modified":"2022-01-05T12:44:14","modified_gmt":"2022-01-05T11:44:14","slug":"v-neck-t-shirt","status":"publish","type":"product","link":"https:\/\/frederiquelebrun.com\/en\/product\/v-neck-t-shirt\/","title":{"rendered":"Saint-Denis Exiles' Camp"},"content":{"rendered":"","protected":false},"excerpt":{"rendered":"<p>Print on Hahnem\u00fchle Rag Baryta 315 g paper (slightly shiny fine art paper) or Epson fine art Cotton Textured 300 g paper (watercolor appearance)<\/p>","protected":false},"featured_media":498,"template":"","meta":{"_uag_custom_page_level_css":"","site-sidebar-layout":"default","site-content-layout":"default","ast-site-content-layout":"default","site-content-style":"default","site-sidebar-style":"default","ast-global-header-display":"","ast-banner-title-visibility":"","ast-main-header-display":"","ast-hfb-above-header-display":"","ast-hfb-below-header-display":"","ast-hfb-mobile-header-display":"","site-post-title":"","ast-breadcrumbs-content":"","ast-featured-img":"","footer-sml-layout":"","ast-disable-related-posts":"","theme-transparent-header-meta":"default","adv-header-id-meta":"","stick-header-meta":"default","header-above-stick-meta":"","header-main-stick-meta":"","header-below-stick-meta":"","astra-migrate-meta-layouts":"default","ast-page-background-enabled":"default","ast-page-background-meta":{"desktop":{"background-color":"var(--ast-global-color-4)","background-image":"","background-repeat":"repeat","background-position":"center center","background-size":"auto","background-attachment":"scroll","background-type":"","background-media":"","overlay-type":"","overlay-color":"","overlay-opacity":"","overlay-gradient":""},"tablet":{"background-color":"","background-image":"","background-repeat":"repeat","background-position":"center center","background-size":"auto","background-attachment":"scroll","background-type":"","background-media":"","overlay-type":"","overlay-color":"","overlay-opacity":"","overlay-gradient":""},"mobile":{"background-color":"","background-image":"","background-repeat":"repeat","background-position":"center center","background-size":"auto","background-attachment":"scroll","background-type":"","background-media":"","overlay-type":"","overlay-color":"","overlay-opacity":"","overlay-gradient":""}},"ast-content-background-meta":{"desktop":{"background-color":"var(--ast-global-color-5)","background-image":"","background-repeat":"repeat","background-position":"center center","background-size":"auto","background-attachment":"scroll","background-type":"","background-media":"","overlay-type":"","overlay-color":"","overlay-opacity":"","overlay-gradient":""},"tablet":{"background-color":"var(--ast-global-color-5)","background-image":"","background-repeat":"repeat","background-position":"center center","background-size":"auto","background-attachment":"scroll","background-type":"","background-media":"","overlay-type":"","overlay-color":"","overlay-opacity":"","overlay-gradient":""},"mobile":{"background-color":"var(--ast-global-color-5)","background-image":"","background-repeat":"repeat","background-position":"center center","background-size":"auto","background-attachment":"scroll","background-type":"","background-media":"","overlay-type":"","overlay-color":"","overlay-opacity":"","overlay-gradient":""}},"_vp_format_video_url":"","_vp_image_focal_point":[]},"product_brand":[],"product_cat":[331],"product_tag":[],"class_list":{"0":"post-2201","1":"product","2":"type-product","3":"status-publish","4":"has-post-thumbnail","6":"product_cat-tirage","7":"align-left","8":"box-shadow-0","9":"box-shadow-0-hover","10":"ast-product-gallery-layout-horizontal","11":"ast-product-gallery-with-no-image","13":"first","14":"instock","15":"taxable","16":"shipping-taxable","17":"purchasable","18":"product-type-variable"},"yoast_head":"<!-- This site is optimized with the Yoast SEO plugin v27.4 - https:\/\/yoast.com\/product\/yoast-seo-wordpress\/ -->\n<title>Camp d&#039;Exil\u00e9s de Saint-Denis - Fr\u00e9d\u00e9rique Le Brun<\/title>\n<meta name=\"robots\" content=\"index, follow, max-snippet:-1, max-image-preview:large, max-video-preview:-1\" \/>\n<link rel=\"canonical\" href=\"https:\/\/frederiquelebrun.com\/en\/product\/v-neck-t-shirt\/\" \/>\n<meta property=\"og:locale\" content=\"en_US\" \/>\n<meta property=\"og:type\" content=\"article\" \/>\n<meta property=\"og:title\" content=\"Camp d&#039;Exil\u00e9s de Saint-Denis - Fr\u00e9d\u00e9rique Le Brun\" \/>\n<meta property=\"og:description\" content=\"Impression sur papier Hahnem\u00fchle Rag Baryta 315 g (papier fine art l\u00e9g\u00e8rement brillant) ou sur papier Epson fine art Cotton Textured 300 g (apparence aquarelle)\" \/>\n<meta property=\"og:url\" content=\"https:\/\/frederiquelebrun.com\/en\/product\/v-neck-t-shirt\/\" \/>\n<meta property=\"og:site_name\" content=\"Fr\u00e9d\u00e9rique Le Brun\" \/>\n<meta property=\"article:modified_time\" content=\"2022-01-05T11:44:14+00:00\" \/>\n<meta property=\"og:image\" content=\"https:\/\/frederiquelebrun.com\/wp-content\/uploads\/2021\/10\/01-2020-11-17-WP-FLB-evac-camp-saint-denis-_MG_2408.jpg\" \/>\n\t<meta property=\"og:image:width\" content=\"2048\" \/>\n\t<meta property=\"og:image:height\" content=\"1365\" \/>\n\t<meta property=\"og:image:type\" content=\"image\/jpeg\" \/>\n<script type=\"application\/ld+json\" class=\"yoast-schema-graph\">{\"@context\":\"https:\\\/\\\/schema.org\",\"@graph\":[{\"@type\":\"WebPage\",\"@id\":\"https:\\\/\\\/frederiquelebrun.com\\\/produit\\\/v-neck-t-shirt\\\/\",\"url\":\"https:\\\/\\\/frederiquelebrun.com\\\/produit\\\/v-neck-t-shirt\\\/\",\"name\":\"Camp d'Exil\u00e9s de Saint-Denis - Fr\u00e9d\u00e9rique Le Brun\",\"isPartOf\":{\"@id\":\"https:\\\/\\\/frederiquelebrun.com\\\/#website\"},\"primaryImageOfPage\":{\"@id\":\"https:\\\/\\\/frederiquelebrun.com\\\/produit\\\/v-neck-t-shirt\\\/#primaryimage\"},\"image\":{\"@id\":\"https:\\\/\\\/frederiquelebrun.com\\\/produit\\\/v-neck-t-shirt\\\/#primaryimage\"},\"thumbnailUrl\":\"https:\\\/\\\/i0.wp.com\\\/frederiquelebrun.com\\\/wp-content\\\/uploads\\\/2021\\\/10\\\/01-2020-11-17-WP-FLB-evac-camp-saint-denis-_MG_2408.jpg?fit=2048%2C1365&ssl=1\",\"datePublished\":\"2021-11-22T15:13:35+00:00\",\"dateModified\":\"2022-01-05T11:44:14+00:00\",\"breadcrumb\":{\"@id\":\"https:\\\/\\\/frederiquelebrun.com\\\/produit\\\/v-neck-t-shirt\\\/#breadcrumb\"},\"inLanguage\":\"en-US\",\"potentialAction\":[{\"@type\":\"ReadAction\",\"target\":[\"https:\\\/\\\/frederiquelebrun.com\\\/produit\\\/v-neck-t-shirt\\\/\"]}]},{\"@type\":\"ImageObject\",\"inLanguage\":\"en-US\",\"@id\":\"https:\\\/\\\/frederiquelebrun.com\\\/produit\\\/v-neck-t-shirt\\\/#primaryimage\",\"url\":\"https:\\\/\\\/i0.wp.com\\\/frederiquelebrun.com\\\/wp-content\\\/uploads\\\/2021\\\/10\\\/01-2020-11-17-WP-FLB-evac-camp-saint-denis-_MG_2408.jpg?fit=2048%2C1365&ssl=1\",\"contentUrl\":\"https:\\\/\\\/i0.wp.com\\\/frederiquelebrun.com\\\/wp-content\\\/uploads\\\/2021\\\/10\\\/01-2020-11-17-WP-FLB-evac-camp-saint-denis-_MG_2408.jpg?fit=2048%2C1365&ssl=1\",\"width\":2048,\"height\":1365,\"caption\":\"2020-11-17-Saint-Denis. Le campement de migrants de la Porte de Paris \u00e0 Saint-Denis a \u00e9t\u00e9 \u00e9vacu\u00e9 ce jour par les CRS. Plus de 2000 personnes ont \u00e9t\u00e9 embarqu\u00e9es apr\u00e8s des heures d'attente dans des autobus \u00e0 destination de centres d'h\u00e9bergement provisoire, m\u00eame s'il appara\u00eet que certains bus se sont arr\u00eat\u00e9s en cours de route et ont d\u00e9barqu\u00e9 leurs passagers. Plus de 500 exil\u00e9s n'ont pas eu de place dans les bus, mais ont quand m\u00eame \u00e9t\u00e9 expuls\u00e9s de l'esplanade o\u00f9 \u00e9tait install\u00e9 le camp. Les CRS les ont contenus ainsi que les membres d'associations qui accompagnaient les exil\u00e9s, dans un parcous destin\u00e9 \u00e0 les \u00e9loigner du camp. Tout en les faisant marcher \u00e0 toute vistesse et en les poussant de leurs boucliers, ils ont adress\u00e9 des sommations puis envoy\u00e9 des grenades lacrymog\u00e8nes sans qu'aucun geste de la part d'aucun exil\u00e9 n'ait pu justifier une telle attitude de la police. Un homme est tomb\u00e9 inanim\u00e9 dans la rue Flora-Tristan \u00e0 Saint-Denis apr\u00e8s avoir \u00e9t\u00e9 cours\u00e9 et re\u00e7u du gaz lagrymog\u00e8ne. Photo Fr\u00e9d\u00e9rique Le Brun\"},{\"@type\":\"BreadcrumbList\",\"@id\":\"https:\\\/\\\/frederiquelebrun.com\\\/produit\\\/v-neck-t-shirt\\\/#breadcrumb\",\"itemListElement\":[{\"@type\":\"ListItem\",\"position\":1,\"name\":\"Produits\",\"item\":\"https:\\\/\\\/frederiquelebrun.com\\\/boutique\\\/\"},{\"@type\":\"ListItem\",\"position\":2,\"name\":\"Camp d&#8217;Exil\u00e9s de Saint-Denis\"}]},{\"@type\":\"WebSite\",\"@id\":\"https:\\\/\\\/frederiquelebrun.com\\\/#website\",\"url\":\"https:\\\/\\\/frederiquelebrun.com\\\/\",\"name\":\"Fr\u00e9d\u00e9rique Le Brun\",\"description\":\"Photojournaliste\",\"publisher\":{\"@id\":\"https:\\\/\\\/frederiquelebrun.com\\\/#\\\/schema\\\/person\\\/8fd7f23683bc30ddd1a0def83e0aa245\"},\"potentialAction\":[{\"@type\":\"SearchAction\",\"target\":{\"@type\":\"EntryPoint\",\"urlTemplate\":\"https:\\\/\\\/frederiquelebrun.com\\\/?s={search_term_string}\"},\"query-input\":{\"@type\":\"PropertyValueSpecification\",\"valueRequired\":true,\"valueName\":\"search_term_string\"}}],\"inLanguage\":\"en-US\"},{\"@type\":[\"Person\",\"Organization\"],\"@id\":\"https:\\\/\\\/frederiquelebrun.com\\\/#\\\/schema\\\/person\\\/8fd7f23683bc30ddd1a0def83e0aa245\",\"name\":\"Fr\u00e9d\u00e9rique Le Brun\",\"image\":{\"@type\":\"ImageObject\",\"inLanguage\":\"en-US\",\"@id\":\"https:\\\/\\\/i0.wp.com\\\/frederiquelebrun.com\\\/wp-content\\\/uploads\\\/2021\\\/11\\\/FLB-parc-teheran-3b.jpg?fit=960%2C720&ssl=1\",\"url\":\"https:\\\/\\\/i0.wp.com\\\/frederiquelebrun.com\\\/wp-content\\\/uploads\\\/2021\\\/11\\\/FLB-parc-teheran-3b.jpg?fit=960%2C720&ssl=1\",\"contentUrl\":\"https:\\\/\\\/i0.wp.com\\\/frederiquelebrun.com\\\/wp-content\\\/uploads\\\/2021\\\/11\\\/FLB-parc-teheran-3b.jpg?fit=960%2C720&ssl=1\",\"width\":960,\"height\":720,\"caption\":\"Fr\u00e9d\u00e9rique Le Brun\"},\"logo\":{\"@id\":\"https:\\\/\\\/i0.wp.com\\\/frederiquelebrun.com\\\/wp-content\\\/uploads\\\/2021\\\/11\\\/FLB-parc-teheran-3b.jpg?fit=960%2C720&ssl=1\"}}]}<\/script>\n<!-- \/ Yoast SEO plugin. -->","yoast_head_json":{"title":"Camp d'Exil\u00e9s de Saint-Denis - Fr\u00e9d\u00e9rique Le Brun","robots":{"index":"index","follow":"follow","max-snippet":"max-snippet:-1","max-image-preview":"max-image-preview:large","max-video-preview":"max-video-preview:-1"},"canonical":"https:\/\/frederiquelebrun.com\/en\/product\/v-neck-t-shirt\/","og_locale":"en_US","og_type":"article","og_title":"Camp d'Exil\u00e9s de Saint-Denis - Fr\u00e9d\u00e9rique Le Brun","og_description":"Impression sur papier Hahnem\u00fchle Rag Baryta 315 g (papier fine art l\u00e9g\u00e8rement brillant) ou sur papier Epson fine art Cotton Textured 300 g (apparence aquarelle)","og_url":"https:\/\/frederiquelebrun.com\/en\/product\/v-neck-t-shirt\/","og_site_name":"Fr\u00e9d\u00e9rique Le Brun","article_modified_time":"2022-01-05T11:44:14+00:00","og_image":[{"width":2048,"height":1365,"url":"https:\/\/frederiquelebrun.com\/wp-content\/uploads\/2021\/10\/01-2020-11-17-WP-FLB-evac-camp-saint-denis-_MG_2408.jpg","type":"image\/jpeg"}],"schema":{"@context":"https:\/\/schema.org","@graph":[{"@type":"WebPage","@id":"https:\/\/frederiquelebrun.com\/produit\/v-neck-t-shirt\/","url":"https:\/\/frederiquelebrun.com\/produit\/v-neck-t-shirt\/","name":"Camp d'Exil\u00e9s de Saint-Denis - Fr\u00e9d\u00e9rique Le Brun","isPartOf":{"@id":"https:\/\/frederiquelebrun.com\/#website"},"primaryImageOfPage":{"@id":"https:\/\/frederiquelebrun.com\/produit\/v-neck-t-shirt\/#primaryimage"},"image":{"@id":"https:\/\/frederiquelebrun.com\/produit\/v-neck-t-shirt\/#primaryimage"},"thumbnailUrl":"https:\/\/i0.wp.com\/frederiquelebrun.com\/wp-content\/uploads\/2021\/10\/01-2020-11-17-WP-FLB-evac-camp-saint-denis-_MG_2408.jpg?fit=2048%2C1365&ssl=1","datePublished":"2021-11-22T15:13:35+00:00","dateModified":"2022-01-05T11:44:14+00:00","breadcrumb":{"@id":"https:\/\/frederiquelebrun.com\/produit\/v-neck-t-shirt\/#breadcrumb"},"inLanguage":"en-US","potentialAction":[{"@type":"ReadAction","target":["https:\/\/frederiquelebrun.com\/produit\/v-neck-t-shirt\/"]}]},{"@type":"ImageObject","inLanguage":"en-US","@id":"https:\/\/frederiquelebrun.com\/produit\/v-neck-t-shirt\/#primaryimage","url":"https:\/\/i0.wp.com\/frederiquelebrun.com\/wp-content\/uploads\/2021\/10\/01-2020-11-17-WP-FLB-evac-camp-saint-denis-_MG_2408.jpg?fit=2048%2C1365&ssl=1","contentUrl":"https:\/\/i0.wp.com\/frederiquelebrun.com\/wp-content\/uploads\/2021\/10\/01-2020-11-17-WP-FLB-evac-camp-saint-denis-_MG_2408.jpg?fit=2048%2C1365&ssl=1","width":2048,"height":1365,"caption":"2020-11-17-Saint-Denis. Le campement de migrants de la Porte de Paris \u00e0 Saint-Denis a \u00e9t\u00e9 \u00e9vacu\u00e9 ce jour par les CRS. Plus de 2000 personnes ont \u00e9t\u00e9 embarqu\u00e9es apr\u00e8s des heures d'attente dans des autobus \u00e0 destination de centres d'h\u00e9bergement provisoire, m\u00eame s'il appara\u00eet que certains bus se sont arr\u00eat\u00e9s en cours de route et ont d\u00e9barqu\u00e9 leurs passagers. Plus de 500 exil\u00e9s n'ont pas eu de place dans les bus, mais ont quand m\u00eame \u00e9t\u00e9 expuls\u00e9s de l'esplanade o\u00f9 \u00e9tait install\u00e9 le camp. Les CRS les ont contenus ainsi que les membres d'associations qui accompagnaient les exil\u00e9s, dans un parcous destin\u00e9 \u00e0 les \u00e9loigner du camp. Tout en les faisant marcher \u00e0 toute vistesse et en les poussant de leurs boucliers, ils ont adress\u00e9 des sommations puis envoy\u00e9 des grenades lacrymog\u00e8nes sans qu'aucun geste de la part d'aucun exil\u00e9 n'ait pu justifier une telle attitude de la police. Un homme est tomb\u00e9 inanim\u00e9 dans la rue Flora-Tristan \u00e0 Saint-Denis apr\u00e8s avoir \u00e9t\u00e9 cours\u00e9 et re\u00e7u du gaz lagrymog\u00e8ne. Photo Fr\u00e9d\u00e9rique Le Brun"},{"@type":"BreadcrumbList","@id":"https:\/\/frederiquelebrun.com\/produit\/v-neck-t-shirt\/#breadcrumb","itemListElement":[{"@type":"ListItem","position":1,"name":"Produits","item":"https:\/\/frederiquelebrun.com\/boutique\/"},{"@type":"ListItem","position":2,"name":"Camp d&#8217;Exil\u00e9s de Saint-Denis"}]},{"@type":"WebSite","@id":"https:\/\/frederiquelebrun.com\/#website","url":"https:\/\/frederiquelebrun.com\/","name":"Fr\u00e9d\u00e9rique Le Brun","description":"Photojournalist","publisher":{"@id":"https:\/\/frederiquelebrun.com\/#\/schema\/person\/8fd7f23683bc30ddd1a0def83e0aa245"},"potentialAction":[{"@type":"SearchAction","target":{"@type":"EntryPoint","urlTemplate":"https:\/\/frederiquelebrun.com\/?s={search_term_string}"},"query-input":{"@type":"PropertyValueSpecification","valueRequired":true,"valueName":"search_term_string"}}],"inLanguage":"en-US"},{"@type":["Person","Organization"],"@id":"https:\/\/frederiquelebrun.com\/#\/schema\/person\/8fd7f23683bc30ddd1a0def83e0aa245","name":"Fr\u00e9d\u00e9rique Le Brun","image":{"@type":"ImageObject","inLanguage":"en-US","@id":"https:\/\/i0.wp.com\/frederiquelebrun.com\/wp-content\/uploads\/2021\/11\/FLB-parc-teheran-3b.jpg?fit=960%2C720&ssl=1","url":"https:\/\/i0.wp.com\/frederiquelebrun.com\/wp-content\/uploads\/2021\/11\/FLB-parc-teheran-3b.jpg?fit=960%2C720&ssl=1","contentUrl":"https:\/\/i0.wp.com\/frederiquelebrun.com\/wp-content\/uploads\/2021\/11\/FLB-parc-teheran-3b.jpg?fit=960%2C720&ssl=1","width":960,"height":720,"caption":"Fr\u00e9d\u00e9rique Le Brun"},"logo":{"@id":"https:\/\/i0.wp.com\/frederiquelebrun.com\/wp-content\/uploads\/2021\/11\/FLB-parc-teheran-3b.jpg?fit=960%2C720&ssl=1"}}]}},"uagb_featured_image_src":{"full":["https:\/\/i0.wp.com\/frederiquelebrun.com\/wp-content\/uploads\/2021\/10\/01-2020-11-17-WP-FLB-evac-camp-saint-denis-_MG_2408.jpg?fit=2048%2C1365&ssl=1",2048,1365,false],"thumbnail":["https:\/\/i0.wp.com\/frederiquelebrun.com\/wp-content\/uploads\/2021\/10\/01-2020-11-17-WP-FLB-evac-camp-saint-denis-_MG_2408.jpg?resize=150%2C150&ssl=1",150,150,true],"medium":["https:\/\/i0.wp.com\/frederiquelebrun.com\/wp-content\/uploads\/2021\/10\/01-2020-11-17-WP-FLB-evac-camp-saint-denis-_MG_2408.jpg?fit=300%2C200&ssl=1",300,200,true],"medium_large":["https:\/\/i0.wp.com\/frederiquelebrun.com\/wp-content\/uploads\/2021\/10\/01-2020-11-17-WP-FLB-evac-camp-saint-denis-_MG_2408.jpg?fit=768%2C512&ssl=1",768,512,true],"large":["https:\/\/i0.wp.com\/frederiquelebrun.com\/wp-content\/uploads\/2021\/10\/01-2020-11-17-WP-FLB-evac-camp-saint-denis-_MG_2408.jpg?fit=1024%2C683&ssl=1",1024,683,true],"1536x1536":["https:\/\/i0.wp.com\/frederiquelebrun.com\/wp-content\/uploads\/2021\/10\/01-2020-11-17-WP-FLB-evac-camp-saint-denis-_MG_2408.jpg?fit=1536%2C1024&ssl=1",1536,1024,true],"2048x2048":["https:\/\/i0.wp.com\/frederiquelebrun.com\/wp-content\/uploads\/2021\/10\/01-2020-11-17-WP-FLB-evac-camp-saint-denis-_MG_2408.jpg?fit=2048%2C1365&ssl=1",2048,1365,true],"trp-custom-language-flag":["https:\/\/i0.wp.com\/frederiquelebrun.com\/wp-content\/uploads\/2021\/10\/01-2020-11-17-WP-FLB-evac-camp-saint-denis-_MG_2408.jpg?fit=18%2C12&ssl=1",18,12,true],"travelersmap-thumb":["https:\/\/i0.wp.com\/frederiquelebrun.com\/wp-content\/uploads\/2021\/10\/01-2020-11-17-WP-FLB-evac-camp-saint-denis-_MG_2408.jpg?resize=300%2C200&ssl=1",300,200,true],"vp_sm":["https:\/\/i0.wp.com\/frederiquelebrun.com\/wp-content\/uploads\/2021\/10\/01-2020-11-17-WP-FLB-evac-camp-saint-denis-_MG_2408.jpg?fit=500%2C333&ssl=1",500,333,true],"vp_md":["https:\/\/i0.wp.com\/frederiquelebrun.com\/wp-content\/uploads\/2021\/10\/01-2020-11-17-WP-FLB-evac-camp-saint-denis-_MG_2408.jpg?fit=800%2C533&ssl=1",800,533,true],"vp_lg":["https:\/\/i0.wp.com\/frederiquelebrun.com\/wp-content\/uploads\/2021\/10\/01-2020-11-17-WP-FLB-evac-camp-saint-denis-_MG_2408.jpg?fit=1280%2C853&ssl=1",1280,853,true],"vp_xl":["https:\/\/i0.wp.com\/frederiquelebrun.com\/wp-content\/uploads\/2021\/10\/01-2020-11-17-WP-FLB-evac-camp-saint-denis-_MG_2408.jpg?fit=1920%2C1280&ssl=1",1920,1280,true],"vp_sm_popup":["https:\/\/i0.wp.com\/frederiquelebrun.com\/wp-content\/uploads\/2021\/10\/01-2020-11-17-WP-FLB-evac-camp-saint-denis-_MG_2408.jpg?fit=500%2C333&ssl=1",500,333,true],"vp_md_popup":["https:\/\/i0.wp.com\/frederiquelebrun.com\/wp-content\/uploads\/2021\/10\/01-2020-11-17-WP-FLB-evac-camp-saint-denis-_MG_2408.jpg?fit=800%2C533&ssl=1",800,533,true],"vp_xl_popup":["https:\/\/i0.wp.com\/frederiquelebrun.com\/wp-content\/uploads\/2021\/10\/01-2020-11-17-WP-FLB-evac-camp-saint-denis-_MG_2408.jpg?fit=1920%2C1280&ssl=1",1920,1280,true],"woocommerce_thumbnail":["https:\/\/i0.wp.com\/frederiquelebrun.com\/wp-content\/uploads\/2021\/10\/01-2020-11-17-WP-FLB-evac-camp-saint-denis-_MG_2408.jpg?fit=300%2C200&ssl=1",300,200,true],"woocommerce_single":["https:\/\/i0.wp.com\/frederiquelebrun.com\/wp-content\/uploads\/2021\/10\/01-2020-11-17-WP-FLB-evac-camp-saint-denis-_MG_2408.jpg?fit=600%2C400&ssl=1",600,400,true],"woocommerce_gallery_thumbnail":["https:\/\/i0.wp.com\/frederiquelebrun.com\/wp-content\/uploads\/2021\/10\/01-2020-11-17-WP-FLB-evac-camp-saint-denis-_MG_2408.jpg?resize=100%2C100&ssl=1",100,100,true]},"uagb_author_info":{"display_name":"Fr\u00e9d\u00e9rique Le Brun","author_link":"https:\/\/frederiquelebrun.com\/en\/author\/"},"uagb_comment_info":0,"uagb_excerpt":"Impression sur papier Hahnem\u00fchle Rag Baryta 315 g (papier fine art l\u00e9g\u00e8rement brillant) ou sur papier Epson fine art Cotton Textured 300 g (apparence aquarelle)","jetpack_sharing_enabled":true,"jetpack-related-posts":[{"id":2654,"url":"https:\/\/frederiquelebrun.com\/en\/product\/plage-du-guilvinec\/","url_meta":{"origin":2201,"position":0},"title":"Plage du Guilvinec","author":"Fr\u00e9d\u00e9rique Le Brun","date":"6 December 2021","format":false,"excerpt":"Print on Hahnem\u00fchle Rag Baryta 315 g paper (slightly shiny fine art paper) or Epson fine art Cotton Textured 300 g paper (watercolor appearance)","rel":"","context":"Similar post","block_context":{"text":"Similar post","link":""},"img":{"alt_text":"","src":"https:\/\/i0.wp.com\/frederiquelebrun.com\/wp-content\/uploads\/2021\/12\/2018-03-19_guil-steir-01-scaled.jpg?fit=1200%2C800&ssl=1&resize=350%2C200","width":350,"height":200,"srcset":"https:\/\/i0.wp.com\/frederiquelebrun.com\/wp-content\/uploads\/2021\/12\/2018-03-19_guil-steir-01-scaled.jpg?fit=1200%2C800&ssl=1&resize=350%2C200 1x, https:\/\/i0.wp.com\/frederiquelebrun.com\/wp-content\/uploads\/2021\/12\/2018-03-19_guil-steir-01-scaled.jpg?fit=1200%2C800&ssl=1&resize=525%2C300 1.5x, https:\/\/i0.wp.com\/frederiquelebrun.com\/wp-content\/uploads\/2021\/12\/2018-03-19_guil-steir-01-scaled.jpg?fit=1200%2C800&ssl=1&resize=700%2C400 2x, https:\/\/i0.wp.com\/frederiquelebrun.com\/wp-content\/uploads\/2021\/12\/2018-03-19_guil-steir-01-scaled.jpg?fit=1200%2C800&ssl=1&resize=1050%2C600 3x"},"classes":[]},{"id":2664,"url":"https:\/\/frederiquelebrun.com\/en\/product\/helitreuillage-de-la-snsm\/","url_meta":{"origin":2201,"position":1},"title":"H\u00e9litreuillage de la SNSM","author":"Fr\u00e9d\u00e9rique Le Brun","date":"6 December 2021","format":false,"excerpt":"Print on Hahnem\u00fchle Rag Baryta 315 g paper (slightly shiny fine art paper) or Epson fine art Cotton Textured 300 g paper (watercolor appearance)","rel":"","context":"Similar post","block_context":{"text":"Similar post","link":""},"img":{"alt_text":"","src":"https:\/\/i0.wp.com\/frederiquelebrun.com\/wp-content\/uploads\/2021\/12\/2018-06-25_snsm-SaintGue-helico09-scaled.jpg?fit=1200%2C800&ssl=1&resize=350%2C200","width":350,"height":200,"srcset":"https:\/\/i0.wp.com\/frederiquelebrun.com\/wp-content\/uploads\/2021\/12\/2018-06-25_snsm-SaintGue-helico09-scaled.jpg?fit=1200%2C800&ssl=1&resize=350%2C200 1x, https:\/\/i0.wp.com\/frederiquelebrun.com\/wp-content\/uploads\/2021\/12\/2018-06-25_snsm-SaintGue-helico09-scaled.jpg?fit=1200%2C800&ssl=1&resize=525%2C300 1.5x, https:\/\/i0.wp.com\/frederiquelebrun.com\/wp-content\/uploads\/2021\/12\/2018-06-25_snsm-SaintGue-helico09-scaled.jpg?fit=1200%2C800&ssl=1&resize=700%2C400 2x, https:\/\/i0.wp.com\/frederiquelebrun.com\/wp-content\/uploads\/2021\/12\/2018-06-25_snsm-SaintGue-helico09-scaled.jpg?fit=1200%2C800&ssl=1&resize=1050%2C600 3x"},"classes":[]},{"id":2645,"url":"https:\/\/frederiquelebrun.com\/en\/product\/vol-doiseaux-en-bretagne\/","url_meta":{"origin":2201,"position":2},"title":"Vol d&#8217;oiseaux en Bretagne","author":"Fr\u00e9d\u00e9rique Le Brun","date":"6 December 2021","format":false,"excerpt":"Print on Hahnem\u00fchle Rag Baryta 315 g paper (slightly shiny fine art paper) or Epson fine art Cotton Textured 300 g paper (watercolor appearance)","rel":"","context":"Similar post","block_context":{"text":"Similar post","link":""},"img":{"alt_text":"Oiseaux dans le ciel en noir et blanc","src":"https:\/\/i0.wp.com\/frederiquelebrun.com\/wp-content\/uploads\/2021\/12\/2018-02-01-guil-plage-oiseaux-01-scaled.jpg?fit=1200%2C800&ssl=1&resize=350%2C200","width":350,"height":200,"srcset":"https:\/\/i0.wp.com\/frederiquelebrun.com\/wp-content\/uploads\/2021\/12\/2018-02-01-guil-plage-oiseaux-01-scaled.jpg?fit=1200%2C800&ssl=1&resize=350%2C200 1x, https:\/\/i0.wp.com\/frederiquelebrun.com\/wp-content\/uploads\/2021\/12\/2018-02-01-guil-plage-oiseaux-01-scaled.jpg?fit=1200%2C800&ssl=1&resize=525%2C300 1.5x, https:\/\/i0.wp.com\/frederiquelebrun.com\/wp-content\/uploads\/2021\/12\/2018-02-01-guil-plage-oiseaux-01-scaled.jpg?fit=1200%2C800&ssl=1&resize=700%2C400 2x, https:\/\/i0.wp.com\/frederiquelebrun.com\/wp-content\/uploads\/2021\/12\/2018-02-01-guil-plage-oiseaux-01-scaled.jpg?fit=1200%2C800&ssl=1&resize=1050%2C600 3x"},"classes":[]}],"_links":{"self":[{"href":"https:\/\/frederiquelebrun.com\/en\/wp-json\/wp\/v2\/product\/2201","targetHints":{"allow":["GET"]}}],"collection":[{"href":"https:\/\/frederiquelebrun.com\/en\/wp-json\/wp\/v2\/product"}],"about":[{"href":"https:\/\/frederiquelebrun.com\/en\/wp-json\/wp\/v2\/types\/product"}],"wp:featuredmedia":[{"embeddable":true,"href":"https:\/\/frederiquelebrun.com\/en\/wp-json\/wp\/v2\/media\/498"}],"wp:attachment":[{"href":"https:\/\/frederiquelebrun.com\/en\/wp-json\/wp\/v2\/media?parent=2201"}],"wp:term":[{"taxonomy":"product_brand","embeddable":true,"href":"https:\/\/frederiquelebrun.com\/en\/wp-json\/wp\/v2\/product_brand?post=2201"},{"taxonomy":"product_cat","embeddable":true,"href":"https:\/\/frederiquelebrun.com\/en\/wp-json\/wp\/v2\/product_cat?post=2201"},{"taxonomy":"product_tag","embeddable":true,"href":"https:\/\/frederiquelebrun.com\/en\/wp-json\/wp\/v2\/product_tag?post=2201"}],"curies":[{"name":"wp","href":"https:\/\/api.w.org\/{rel}","templated":true}]}}